{"id":18073,"date":"2025-07-10T06:31:58","date_gmt":"2025-07-10T10:31:58","guid":{"rendered":"https:\/\/expolachutefair.com\/politique-vie-privee\/"},"modified":"2025-07-10T06:49:09","modified_gmt":"2025-07-10T10:49:09","slug":"politique-vie-privee","status":"publish","type":"page","link":"https:\/\/expolachutefair.com\/en\/politique-vie-privee\/","title":{"rendered":"Privacy policy"},"content":{"rendered":"<h1 class=\"privacy-policy-h1\">Politique de confidentialit\u00e9<br \/>\n<br \/><span>Derni\u00e8re mise \u00e0 jour : 10-Jul-2025<\/span><br \/>\n<br \/><span>Date d&#8217;entr\u00e9e en vigueur : 10-Jul-2025<\/span><br \/>\n<\/h1>\n<p class=\"privacy-policy-p\">\n    Cette Politique de confidentialit\u00e9 d\u00e9crit les r\u00e8gles de<\/p>\n<p>    SOCI\u00c9T\u00c9 D&#8217;AGRICULTURE DU COMT\u00c9 D&#8217;ARGENTEUIL,<br \/>\n    399 rue Gougeon Lachute,<br \/>\n    Qu\u00e9bec<br \/>\n    J8H 3S8,<br \/>\n    Canada,<br \/>\n    email : philippe@trifectamedias.com,<br \/>\n    t\u00e9l\u00e9phone : 450-562-3741<\/p>\n<p>    concernant la collecte,<br \/>\n    l\u2019utilisation et la divulgation de vos informations que nous recueillons<br \/>\n    lorsque vous utilisez notre site web (https:\/\/expolachutefair.com)<br \/>\n    (le \u00ab Service \u00bb). En acc\u00e9dant ou en utilisant<br \/>\n    le Service, vous consentez \u00e0 la collecte, \u00e0 l\u2019utilisation et \u00e0 la<br \/>\n    divulgation de vos informations conform\u00e9ment \u00e0 cette<br \/>\n    Politique de confidentialit\u00e9. Si vous n\u2019y consentez pas,<br \/>\n    veuillez ne pas acc\u00e9der ni utiliser le Service.\n<\/p>\n<p class=\"privacy-policy-p\">\n    Nous pouvons modifier cette Politique de confidentialit\u00e9 \u00e0 tout moment sans<br \/>\n    pr\u00e9avis et publierons la version r\u00e9vis\u00e9e<br \/>\n    de la Politique de confidentialit\u00e9 sur le Service. La version r\u00e9vis\u00e9e<br \/>\n    entrera en vigueur 180 jours apr\u00e8s sa publication<br \/>\n    sur le Service et votre acc\u00e8s ou utilisation continue du Service apr\u00e8s<br \/>\n    cette date constituera votre acceptation de la Politique de<br \/>\n    confidentialit\u00e9 r\u00e9vis\u00e9e. Nous vous recommandons donc<br \/>\n    de consulter p\u00e9riodiquement cette page.\n<\/p>\n<ol class=\"privacy-policy-ol\">\n<li>\n<h2 class=\"privacy-policy-h2\">\n            Comment nous collectons vos informations :<br \/>\n        <\/h2>\n<p class=\"privacy-policy-p\">\n            Nous recueillons\/recevons des informations vous concernant de la<br \/>\n            mani\u00e8re suivante :\n        <\/p>\n<ol class=\"privacy-policy-ol\">\n<li>Lorsque l\u2019utilisateur remplit le formulaire d\u2019inscription ou soumet autrement des informations personnelles<\/li>\n<li>Interaction avec le site web<\/li>\n<li>Sources publiques<\/li>\n<\/ol>\n<\/li>\n<li>\n<h2 class=\"privacy-policy-h2\">\n            Comment nous utilisons vos informations :<br \/>\n        <\/h2>\n<p class=\"privacy-policy-p\">\n            Nous utiliserons les informations que nous collectons<br \/>\n            vous concernant aux fins suivantes :\n        <\/p>\n<ol class=\"privacy-policy-ol\">\n<li>Marketing \/ Promotionnel<\/li>\n<\/ol>\n<p class=\"privacy-policy-p\">\n            Si nous souhaitons utiliser vos informations \u00e0 toute autre fin,<br \/>\n            nous vous demanderons votre consentement et n\u2019utiliserons vos<br \/>\n            informations qu\u2019apr\u00e8s l\u2019avoir re\u00e7u, et seulement pour les<br \/>\n            finalit\u00e9s pour lesquelles vous avez consenti, sauf si la loi<br \/>\n            nous en dispose autrement.\n        <\/p>\n<\/li>\n<li>\n<h2 class=\"privacy-policy-h2\">\n            Comment nous partageons vos informations :<br \/>\n        <\/h2>\n<p class=\"privacy-policy-p\">\n            Nous ne transmettrons pas vos informations personnelles \u00e0 un tiers<br \/>\n            sans votre consentement, sauf dans les cas limit\u00e9s d\u00e9crits ci-dessous :\n        <\/p>\n<ol class=\"privacy-policy-ol\">\n<li>Service de publicit\u00e9<\/li>\n<li>Sponsors<\/li>\n<li>Agences de marketing<\/li>\n<li>Analyse<\/li>\n<\/ol>\n<p class=\"privacy-policy-p\">\n            Nous exigeons que ces tiers n\u2019utilisent les informations personnelles<br \/>\n            que nous leur transf\u00e9rons que dans le but pour lequel elles ont \u00e9t\u00e9<br \/>\n            transf\u00e9r\u00e9es et ne les conservent pas plus longtemps que n\u00e9cessaire<br \/>\n            pour atteindre cet objectif.\n        <\/p>\n<p class=\"privacy-policy-p\">\n            Nous pouvons \u00e9galement divulguer vos informations personnelles pour :<br \/>\n            (1) nous conformer \u00e0 la loi applicable, \u00e0 un r\u00e8glement, \u00e0 une ordonnance<br \/>\n            judiciaire ou \u00e0 toute autre proc\u00e9dure l\u00e9gale ; (2) faire respecter<br \/>\n            vos accords avec nous, y compris cette Politique de confidentialit\u00e9 ;<br \/>\n            ou (3) r\u00e9pondre \u00e0 des r\u00e9clamations selon lesquelles votre utilisation<br \/>\n            du Service viole les droits de tiers. Si le Service ou notre soci\u00e9t\u00e9<br \/>\n            fait l\u2019objet d\u2019une fusion ou d\u2019une acquisition, vos informations<br \/>\n            figureront parmi les actifs transf\u00e9r\u00e9s au nouveau propri\u00e9taire.\n        <\/p>\n<\/li>\n<li>\n<h2 class=\"privacy-policy-h2\">\n            Vos droits :<br \/>\n        <\/h2>\n<p class=\"privacy-policy-p\">\n            Selon la loi applicable, vous pouvez avoir le droit d\u2019acc\u00e9der \u00e0 vos<br \/>\n            donn\u00e9es personnelles, de les rectifier ou de les effacer, d\u2019en<br \/>\n            recevoir une copie, de limiter ou de vous opposer au traitement<br \/>\n            actif de vos donn\u00e9es, de demander la portabilit\u00e9 de vos informations<br \/>\n            personnelles vers une autre entit\u00e9, de retirer tout consentement<br \/>\n            que vous nous avez donn\u00e9 pour traiter vos donn\u00e9es, d\u2019introduire<br \/>\n            une r\u00e9clamation aupr\u00e8s d\u2019une autorit\u00e9 comp\u00e9tente et d\u2019exercer<br \/>\n            tout autre droit pr\u00e9vu par la loi applicable. Pour exercer ces<br \/>\n            droits, vous pouvez nous \u00e9crire \u00e0 philippe@trifectamedias.com.<br \/>\n            Nous r\u00e9pondrons \u00e0 votre demande conform\u00e9ment \u00e0 la loi applicable.\n        <\/p>\n<p class=\"privacy-policy-p\">\n            Notez que si vous ne nous autorisez pas \u00e0 collecter ou \u00e0 traiter<br \/>\n            les informations personnelles requises, ou si vous retirez votre<br \/>\n            consentement pour les finalit\u00e9s requises, il se peut que vous ne<br \/>\n            puissiez plus acc\u00e9der ou utiliser les services pour lesquels vos<br \/>\n            informations ont \u00e9t\u00e9 demand\u00e9es.\n        <\/p>\n<\/li>\n<li>\n<h2 class=\"privacy-policy-h2\">\n            Cookies, etc.<br \/>\n        <\/h2>\n<p class=\"privacy-policy-p\">\n            Pour en savoir plus sur la fa\u00e7on dont nous utilisons ces technologies<br \/>\n            de suivi et sur vos choix \u00e0 cet \u00e9gard, veuillez consulter notre<br \/>\n            <a href=\"https:\/\/expolachutefair.com\/en\/politique-vie-privee\/\">Politique de cookies<\/a>.\n        <\/p>\n<\/li>\n<li>\n<h2 class=\"privacy-policy-h2\">\n            S\u00e9curit\u00e9 :<br \/>\n        <\/h2>\n<p class=\"privacy-policy-p\">\n            La s\u00e9curit\u00e9 de vos informations nous importe et nous mettons en \u0153uvre<br \/>\n            des mesures de s\u00e9curit\u00e9 raisonnables pour pr\u00e9venir la perte,<br \/>\n            l\u2019usage abusif ou la modification non autoris\u00e9e des informations<br \/>\n            dont nous sommes responsables. Toutefois, compte tenu des risques<br \/>\n            inh\u00e9rents, nous ne pouvons garantir une s\u00e9curit\u00e9 absolue et,<br \/>\n            par cons\u00e9quent, nous ne pouvons assurer ni garantir la s\u00e9curit\u00e9<br \/>\n            de toute information que vous nous transmettez, que vous faites<br \/>\n            \u00e0 vos propres risques.\n        <\/p>\n<\/li>\n<li>\n<h2 class=\"privacy-policy-h2\">\n            M\u00e9diation \/ D\u00e9l\u00e9gu\u00e9 \u00e0 la protection des donn\u00e9es :<br \/>\n        <\/h2>\n<p class=\"privacy-policy-p\">\n            Si vous avez des questions ou des pr\u00e9occupations concernant le<br \/>\n            traitement de vos informations en notre possession, vous pouvez<br \/>\n            \u00e9crire \u00e0 notre responsable des r\u00e9clamations :<br \/>\n            SOCI\u00c9T\u00c9 D&#8217;AGRICULTURE DU COMT\u00c9 D&#8217;ARGENTEUIL,<br \/>\n            399 rue Gougeon Lachute,<br \/>\n            email : info@expolachutefair.com.<br \/>\n            Nous traiterons vos demandes conform\u00e9ment \u00e0 la loi applicable.\n        <\/p>\n<\/li>\n<\/ol>\n","protected":false},"excerpt":{"rendered":"<p>Politique de confidentialit\u00e9 Derni\u00e8re mise \u00e0 jour : 10-Jul-2025 Date d&#8217;entr\u00e9e en vigueur : 10-Jul-2025 Cette Politique de confidentialit\u00e9 d\u00e9crit les r\u00e8gles de SOCI\u00c9T\u00c9 D&#8217;AGRICULTURE DU COMT\u00c9 D&#8217;ARGENTEUIL, 399 rue Gougeon Lachute, Qu\u00e9bec J8H 3S8, Canada, email : philippe@trifectamedias.com, t\u00e9l\u00e9phone : 450-562-3741 concernant la collecte, l\u2019utilisation et la divulgation de vos informations que nous recueillons [&hellip;]<\/p>\n","protected":false},"author":2216,"featured_media":0,"parent":0,"menu_order":0,"comment_status":"closed","ping_status":"closed","template":"","meta":{"footnotes":""},"class_list":["post-18073","page","type-page","status-publish","hentry"],"_links":{"self":[{"href":"https:\/\/expolachutefair.com\/en\/wp-json\/wp\/v2\/pages\/18073","targetHints":{"allow":["GET"]}}],"collection":[{"href":"https:\/\/expolachutefair.com\/en\/wp-json\/wp\/v2\/pages"}],"about":[{"href":"https:\/\/expolachutefair.com\/en\/wp-json\/wp\/v2\/types\/page"}],"author":[{"embeddable":true,"href":"https:\/\/expolachutefair.com\/en\/wp-json\/wp\/v2\/users\/2216"}],"replies":[{"embeddable":true,"href":"https:\/\/expolachutefair.com\/en\/wp-json\/wp\/v2\/comments?post=18073"}],"version-history":[{"count":4,"href":"https:\/\/expolachutefair.com\/en\/wp-json\/wp\/v2\/pages\/18073\/revisions"}],"predecessor-version":[{"id":18085,"href":"https:\/\/expolachutefair.com\/en\/wp-json\/wp\/v2\/pages\/18073\/revisions\/18085"}],"wp:attachment":[{"href":"https:\/\/expolachutefair.com\/en\/wp-json\/wp\/v2\/media?parent=18073"}],"curies":[{"name":"wp","href":"https:\/\/api.w.org\/{rel}","templated":true}]}}