{"id":18084,"date":"2025-07-10T06:46:59","date_gmt":"2025-07-10T10:46:59","guid":{"rendered":"https:\/\/expolachutefair.com\/privacy-policy\/"},"modified":"2025-07-10T06:53:18","modified_gmt":"2025-07-10T10:53:18","slug":"privacy-policy","status":"publish","type":"page","link":"https:\/\/expolachutefair.com\/en\/privacy-policy\/","title":{"rendered":"Politique de confidentialit\u00e9"},"content":{"rendered":"<h1 class=\"privacy-policy-h1\">Privacy Policy<br \/>\n<br \/><span>Last Updated On 10-Jul-2025<\/span><br \/>\n<br \/><span>Effective Date 10-Jul-2025<\/span><br \/>\n<\/h1>\n<p class=\"privacy-policy-p\">\n    This Privacy Policy describes the policies of<\/p>\n<p>    SOCI\u00c9T\u00c9 D&#039;AGRICULTURE DU COMT\u00c9 D&#039;ARGENTEUIL,<br \/>\n    399 rue Gougeon Lachute,<br \/>\n    Quebec<br \/>\n    J8H3S8,<br \/>\n    Canada,<br \/>\n    email: info@expolachutefair.com,<br \/>\n    phone: 450-562-3741<\/p>\n<p>    on the collection,<br \/>\n    use and disclosure of your information that we collect<br \/>\n    when you use our website ( https:\/\/expolachutefair.com ).<br \/>\n    (the \u201cService\u201d). By accessing or using<br \/>\n    the<br \/>\n    Service, you are consenting to the collection, use and<br \/>\n    disclosure of your information in accordance with this<br \/>\n    Privacy Policy. If you do not consent to the same,<br \/>\n    please do not access or use the Service.\n<\/p>\n<p class=\"privacy-policy-p\">\n    We may modify this Privacy Policy at any time without<br \/>\n    any prior notice to you and will post the revised<br \/>\n    Privacy Policy on the Service. The revised Policy will<br \/>\n    be effective 180 days from when the<br \/>\n    revised Policy is posted in the Service and your<br \/>\n    continued access or use of the Service after such time<br \/>\n    will constitute your acceptance of the revised Privacy<br \/>\n    Policy. We therefore recommend that you periodically<br \/>\n    review this page.\n<\/p>\n<ol class=\"privacy-policy-ol\">\n<li>\n<h2 class=\"privacy-policy-h2\">\n            How We Collect Your Information:<br \/>\n        <\/h2>\n<p class=\"privacy-policy-p\">\n            We collect\/receive information about you in the<br \/>\n            following manner:\n        <\/p>\n<ol class=\"privacy-policy-ol\">\n<li>When a user fills up the registration form or otherwise submits personal information<\/li>\n<li>Interacts with the website<\/li>\n<li>From public sources<\/li>\n<\/ol>\n<\/li>\n<li>\n<h2 class=\"privacy-policy-h2\">\n            How We Use Your Information:<br \/>\n        <\/h2>\n<p class=\"privacy-policy-p\">\n            We will use the information that we collect<br \/>\n            about you for the following purposes:\n        <\/p>\n<ol class=\"privacy-policy-ol\">\n<li>Marketing\/ Promotional<\/li>\n<\/ol>\n<p class=\"privacy-policy-p\">\n            If we want to use your information for any other<br \/>\n            purpose, we will ask you for consent and will<br \/>\n            use your information only on receiving your<br \/>\n            consent and then, only for the purpose(s) for<br \/>\n            which grant consent unless we are required to do<br \/>\n            otherwise by law.\n        <\/p>\n<\/li>\n<li>\n<h2 class=\"privacy-policy-h2\">\n            How We Share Your Information:<br \/>\n        <\/h2>\n<p class=\"privacy-policy-p\">\n            We will not transfer your personal information<br \/>\n            to any third party without seeking your consent,<br \/>\n            except in limited circumstances as described<br \/>\n            below:\n        <\/p>\n<ol class=\"privacy-policy-ol\">\n<li>Ad service<\/li>\n<li>Sponsors<\/li>\n<li>Marketing agencies<\/li>\n<li>Analytics<\/li>\n<\/ol>\n<p class=\"privacy-policy-p\">\n            We require such third party\u2019s to use the<br \/>\n            personal information we transfer to them only<br \/>\n            for the purpose for which it was transferred and<br \/>\n            not to retain it for longer than is required for<br \/>\n            fulfilling the said purpose.\n        <\/p>\n<p class=\"privacy-policy-p\">\n            We may also disclose your personal information<br \/>\n            for the following: (1) to comply with applicable<br \/>\n            law, regulation, court order or other legal<br \/>\n            process; (2) to enforce your agreements with us,<br \/>\n            including this Privacy Policy; or (3) to respond<br \/>\n            to claims that your use of the Service violates<br \/>\n            any third-party rights. If the Service or our<br \/>\n            company is merged or acquired with another<br \/>\n            company, your information will be one of the<br \/>\n            assets that is transferred to the new owner.\n        <\/p>\n<\/li>\n<li>\n<h2 class=\"privacy-policy-h2\">\n            Your Rights:<br \/>\n        <\/h2>\n<p class=\"privacy-policy-p\">\n            Depending on the law that applies, you may have<br \/>\n            a right to access and rectify or erase your<br \/>\n            personal data or receive a copy of your personal<br \/>\n            data, restrict or object to the active<br \/>\n            processing of your data, ask us to share (port)<br \/>\n            your personal information to another entity,<br \/>\n            withdraw any consent you provided to us to<br \/>\n            process your data, a right to lodge a complaint<br \/>\n            with a statutory authority and such other rights<br \/>\n            as may be relevant under applicable laws. To<br \/>\n            exercise these rights, you can write to us at<br \/>\n            philippe@trifectamedias.com.<br \/>\n            We will respond to your<br \/>\n            request in accordance with applicable law.\n        <\/p>\n<p class=\"privacy-policy-p\">\n            Do note that if you do not allow us to collect<br \/>\n            or process the required personal information or<br \/>\n            withdraw the consent to process the same for the<br \/>\n            required purposes, you may not be able to access<br \/>\n            or use the services for which your information<br \/>\n            was sought.\n        <\/p>\n<\/li>\n<li>\n<h2 class=\"privacy-policy-h2\">\n            Cookies Etc.<br \/>\n        <\/h2>\n<p class=\"privacy-policy-p\">\n<p>            To learn more about how we use these<br \/>\n            and your choices in relation to these tracking<br \/>\n            technologies, please refer to our<br \/>\n            <a href=\"https:\/\/expolachutefair.com\/en\/politique-vie-privee\/\">Cookie Policy.<\/a>\n        <\/p>\n<\/li>\n<li>\n<h2 class=\"privacy-policy-h2\">\n            Security:<br \/>\n        <\/h2>\n<p class=\"privacy-policy-p\">\n            The security of your information is important to<br \/>\n            us and we will use reasonable security measures<br \/>\n            to prevent the loss, misuse or unauthorized<br \/>\n            alteration of your information under our<br \/>\n            control. However, given the inherent risks, we<br \/>\n            cannot guarantee absolute security and<br \/>\n            consequently, we cannot ensure or warrant the<br \/>\n            security of any information you transmit to us<br \/>\n            and you do so at your own risk.\n        <\/p>\n<\/li>\n<li>\n<h2 class=\"privacy-policy-h2\">\n            Grievance \/ Data Protection Officer:<br \/>\n        <\/h2>\n<p class=\"privacy-policy-p\">\n            If you have any queries or concerns about the<br \/>\n            processing of your information that is available<br \/>\n            with us, you may email our Grievance Officer at<br \/>\n            SOCI\u00c9T\u00c9 D&#039;AGRICULTURE DU COMT\u00c9 D&#039;ARGENTEUIL,<br \/>\n            399 rue Gougeon Lachute,<br \/>\n            email: info@expolachutefair.com.<br \/>\n            We will address your concerns in accordance with applicable law.\n        <\/p>\n<\/li>\n<\/ol>\n","protected":false},"excerpt":{"rendered":"<p>Privacy Policy Last Updated On 10-Jul-2025 Effective Date 10-Jul-2025 This Privacy Policy describes the policies of SOCI\u00c9T\u00c9 D&#039;AGRICULTURE DU COMT\u00c9 D&#039;ARGENTEUIL, 399 rue Gougeon Lachute, Quebec J8H3S8, Canada, email: info@expolachutefair.com, phone: 450-562-3741 on the collection, use and disclosure of your information that we collect when you use our website ( https:\/\/expolachutefair.com ). (the \u201cService\u201d). By [&hellip;]<\/p>\n","protected":false},"author":2216,"featured_media":0,"parent":0,"menu_order":0,"comment_status":"closed","ping_status":"closed","template":"","meta":{"footnotes":""},"class_list":["post-18084","page","type-page","status-publish","hentry"],"_links":{"self":[{"href":"https:\/\/expolachutefair.com\/en\/wp-json\/wp\/v2\/pages\/18084","targetHints":{"allow":["GET"]}}],"collection":[{"href":"https:\/\/expolachutefair.com\/en\/wp-json\/wp\/v2\/pages"}],"about":[{"href":"https:\/\/expolachutefair.com\/en\/wp-json\/wp\/v2\/types\/page"}],"author":[{"embeddable":true,"href":"https:\/\/expolachutefair.com\/en\/wp-json\/wp\/v2\/users\/2216"}],"replies":[{"embeddable":true,"href":"https:\/\/expolachutefair.com\/en\/wp-json\/wp\/v2\/comments?post=18084"}],"version-history":[{"count":3,"href":"https:\/\/expolachutefair.com\/en\/wp-json\/wp\/v2\/pages\/18084\/revisions"}],"predecessor-version":[{"id":18089,"href":"https:\/\/expolachutefair.com\/en\/wp-json\/wp\/v2\/pages\/18084\/revisions\/18089"}],"wp:attachment":[{"href":"https:\/\/expolachutefair.com\/en\/wp-json\/wp\/v2\/media?parent=18084"}],"curies":[{"name":"wp","href":"https:\/\/api.w.org\/{rel}","templated":true}]}}